{"id":1038,"date":"2018-11-07T10:57:43","date_gmt":"2018-11-07T09:57:43","guid":{"rendered":"http:\/\/www.hotel-konopiste.cz\/?page_id=1038"},"modified":"2021-08-24T21:16:51","modified_gmt":"2021-08-24T19:16:51","slug":"hotel","status":"publish","type":"page","link":"https:\/\/www.hotel-konopiste.cz\/en\/hotel\/","title":{"rendered":"Hotel"},"content":{"rendered":"<p><strong>Hotel Konopi\u0161t\u011b Nov\u00e1 Myslivna<\/strong>&nbsp;se nach\u00e1z\u00ed v podz\u00e1m\u010d\u00ed jednoho z nejkr\u00e1sn\u011bj\u0161\u00edch a nejnav\u0161t\u011bvovan\u011bj\u0161\u00edch z\u00e1mk\u016f v \u010cesk\u00e9 republice. Je vzd\u00e1len 40 km od Prahy a 1 km od m\u011bsta Bene\u0161ov, kde se nach\u00e1z\u00ed \u0159ada restaurac\u00ed, kav\u00e1ren a obchod\u016f.<\/p>\n<p>Cel\u00fd are\u00e1l je situov\u00e1n v p\u0159\u00edrod\u011b, na jedn\u00e9 stran\u011b lemov\u00e1n lesem, na druh\u00e9 potokem. Pro d\u011bti m\u00e1me vybudovan\u00e9 d\u011btsk\u00e9 h\u0159i\u0161t\u011b, dosp\u011bl\u00ed si zde najdou sv\u016fj koutek k relaxaci \u010di si s d\u011btmi mohou zahr\u00e1t stoln\u00ed tenis, badminton, zahradn\u00ed \u0161achy, diskgolf, kroket, petanque\u2026nebo si zdarma p\u016fj\u010dit kolob\u011b\u017eky \u010di \u0161lapac\u00ed \u010dty\u0159kolky a projet se po z\u00e1meck\u00e9m parku a okol\u00ed. Zdarma m\u016f\u017eete tak\u00e9 nav\u0161t\u00edvit Muzeum historick\u00fdch motocykl\u016f, kter\u00e9 se nach\u00e1z\u00ed v sousedn\u00ed budov\u011b&nbsp;<a href=\"http:\/\/www.penzion-konopiste.cz\/\">Penzionu Konopi\u0161t\u011b<\/a>, kter\u00fd nab\u00edz\u00ed ubytov\u00e1n\u00ed v 6ti apartm\u00e1nech \u010dty\u0159hv\u011bzdi\u010dkov\u00e9ho standardu.<\/p>\n<p>Hotel m\u00e1&nbsp;<strong>celkem 27 pokol\u016f &#8211; 76 l\u016f\u017eek a 2 p\u0159ist\u00fdlky<\/strong>. V prvn\u00ed pat\u0159e se nach\u00e1z\u00ed 18 pokoj\u016f \u2013 9 dvoul\u016f\u017ekov\u00fdch, 2 t\u0159\u00edl\u016f\u017ekov\u00e9 a 7 \u010dty\u0159l\u016f\u017ekov\u00fdch. V druh\u00e9m pat\u0159e je 9 podkrovn\u00edch pokoj\u016f \u2013 6 dvojl\u016f\u017ekov\u00fdch (2 z nich maj\u00ed mo\u017enost p\u0159ist\u00fdlky), 2 \u010dty\u0159l\u016f\u017ekov\u00e9 a apartm\u00e1 (2 lo\u017enice, koupelna, ob\u00fdvac\u00ed prostor se sedac\u00ed soupravou, ledni\u010dkou a p\u0159\u00edslu\u0161enstv\u00edm k p\u0159\u00edprav\u011b k\u00e1vy a \u010daje). V\u0161echny pokoje maj\u00ed v<strong>lastn\u00ed soci\u00e1ln\u00ed za\u0159\u00edzen\u00ed, TV, f\u00e9n a p\u0159ipojen\u00ed k WiFi<\/strong>.<\/p>\n<p>V cen\u011b ubytov\u00e1n\u00ed je samoz\u0159ejm\u011b&nbsp;<strong>sn\u00eddan\u011b formou bufetu a parkov\u00e1n\u00ed<\/strong>&nbsp;p\u0159ed budovou hl\u00eddan\u00e9 kamerov\u00fdm syst\u00e9mem.<\/p>\n<p>&nbsp;<\/p>\nngg_shortcode_0_placeholder\n<p><iframe loading=\"lazy\" style=\"border: 0px; width: 100%; height: 500px; margin-bottom: 20px;\" src=\"https:\/\/wubook.net\/wbkd\/wbk\/?lcode=1516371382&amp;onlyrooms=276881,276882,276883,319635,365451,365450&amp;lang=cs\" width=\"300\" height=\"150\"><\/iframe><\/p>\n","protected":false},"excerpt":{"rendered":"<p>Hotel Konopi\u0161t\u011b Nov\u00e1 Myslivna&nbsp;se nach\u00e1z\u00ed v podz\u00e1m\u010d\u00ed jednoho z nejkr\u00e1sn\u011bj\u0161\u00edch a nejnav\u0161t\u011bvovan\u011bj\u0161\u00edch z\u00e1mk\u016f v \u010cesk\u00e9 republice. Je vzd\u00e1len 40 km od Prahy a 1 km od m\u011bsta Bene\u0161ov, kde se nach\u00e1z\u00ed \u0159ada restaurac\u00ed, kav\u00e1ren a obchod\u016f. Cel\u00fd are\u00e1l je situov\u00e1n v p\u0159\u00edrod\u011b, na jedn\u00e9 stran\u011b lemov\u00e1n lesem, na druh\u00e9 potokem. Pro d\u011bti m\u00e1me vybudovan\u00e9 d\u011btsk\u00e9 [&hellip;]<\/p>\n","protected":false},"author":4,"featured_media":0,"parent":0,"menu_order":0,"comment_status":"closed","ping_status":"closed","template":"","meta":{"ngg_post_thumbnail":0,"footnotes":""},"class_list":["post-1038","page","type-page","status-publish","hentry","post"],"translation":{"provider":"WPGlobus","version":"3.0.0","language":"en","enabled_languages":["cz","en"],"languages":{"cz":{"title":true,"content":true,"excerpt":false},"en":{"title":false,"content":false,"excerpt":false}}},"_links":{"self":[{"href":"https:\/\/www.hotel-konopiste.cz\/en\/wp-json\/wp\/v2\/pages\/1038","targetHints":{"allow":["GET"]}}],"collection":[{"href":"https:\/\/www.hotel-konopiste.cz\/en\/wp-json\/wp\/v2\/pages"}],"about":[{"href":"https:\/\/www.hotel-konopiste.cz\/en\/wp-json\/wp\/v2\/types\/page"}],"author":[{"embeddable":true,"href":"https:\/\/www.hotel-konopiste.cz\/en\/wp-json\/wp\/v2\/users\/4"}],"replies":[{"embeddable":true,"href":"https:\/\/www.hotel-konopiste.cz\/en\/wp-json\/wp\/v2\/comments?post=1038"}],"version-history":[{"count":11,"href":"https:\/\/www.hotel-konopiste.cz\/en\/wp-json\/wp\/v2\/pages\/1038\/revisions"}],"predecessor-version":[{"id":1683,"href":"https:\/\/www.hotel-konopiste.cz\/en\/wp-json\/wp\/v2\/pages\/1038\/revisions\/1683"}],"wp:attachment":[{"href":"https:\/\/www.hotel-konopiste.cz\/en\/wp-json\/wp\/v2\/media?parent=1038"}],"curies":[{"name":"wp","href":"https:\/\/api.w.org\/{rel}","templated":true}]}}