{"id":1042,"date":"2018-11-07T11:07:42","date_gmt":"2018-11-07T10:07:42","guid":{"rendered":"http:\/\/www.hotel-konopiste.cz\/?page_id=1042"},"modified":"2022-11-23T15:37:05","modified_gmt":"2022-11-23T14:37:05","slug":"baby-friendly","status":"publish","type":"page","link":"https:\/\/www.hotel-konopiste.cz\/en\/o-nas\/baby-friendly\/","title":{"rendered":"Baby friendly"},"content":{"rendered":"<p><strong>V\u0161e pro Va\u0161e d\u011bti<\/strong><\/p>\n<p><span style=\"font-weight: 400;\">Va\u0161e d\u011bti jsou v na\u0161em hotelu nejv\u00e1\u017een\u011bj\u0161\u00edmi z\u00e1kazn\u00edky. Sami m\u00e1me mal\u00e9 d\u011bti a v\u00edme, \u017ee kdy\u017e se d\u011bti nenud\u00ed, m\u016f\u017eeme my rodi\u010de relaxovat.<\/span><\/p>\n<p><span style=\"font-weight: 400;\">V p\u0159\u00edrodn\u00edm are\u00e1lu hotelu se proto nach\u00e1z\u00ed velk\u00e9 d\u011btsk\u00e9 h\u0159i\u0161t\u011b se skluzavkami, koloto\u010dem, houpa\u010dkami, p\u00edskovi\u0161t\u011bm a nejbezpe\u010dn\u011bj\u0161\u00ed trampol\u00ednou Springfree. Spole\u010dn\u011b s d\u011btmi si zdarma m\u016f\u017eete zahr\u00e1t stoln\u00ed tenis, badminton, petanque, kroket, kuli\u010dky \u010di zahradn\u00ed \u0161achy. V okol\u00ed jsme vybudovali diskgolf h\u0159i\u0161t\u011b a m\u016f\u017eete si tak\u00e9 zap\u016fj\u010dit kolob\u011b\u017eky a projet se z\u00e1meck\u00fdm parkem. Nezapome\u0148te tak\u00e9 nav\u0161t\u00edvit na\u0161e muzeum historick\u00fdch motocykl\u016f, kter\u00e9 je um\u00edst\u011bn\u00e9 v budov\u011b sousedn\u00edho <a href=\"http:\/\/www.penzion-konopiste.cz\/\">Pensionu Konopi\u0161t\u011b<\/a> a jeho\u017e n\u00e1v\u0161t\u011bvu maj\u00ed na\u0161i host\u00e9 v cen\u011b ubytov\u00e1n\u00ed. <\/span><\/p>\n<p><strong>Zdarma k zap\u016fj\u010den\u00ed nab\u00edz\u00edme<\/strong><\/p>\n<ul>\n<li style=\"font-weight: 400;\"><span style=\"font-weight: 400;\">d\u011btskou j\u00eddeln\u00ed \u017eidli\u010dku<\/span><\/li>\n<li style=\"font-weight: 400;\"><span style=\"font-weight: 400;\">no\u010dn\u00edk<\/span><\/li>\n<li style=\"font-weight: 400;\"><span style=\"font-weight: 400;\">stup\u00e1tko k umyvadlu<\/span><\/li>\n<li style=\"font-weight: 400;\"><span style=\"font-weight: 400;\">d\u011btskou vani\u010dku \u010di koupac\u00ed kybl\u00edk<\/span><\/li>\n<li style=\"font-weight: 400;\"><span style=\"font-weight: 400;\">hry a hra\u010dky<\/span><\/li>\n<\/ul>\n<p><span style=\"font-weight: 400;\">V are\u00e1lu je tak\u00e9 ohni\u0161t\u011b, kde si m\u016f\u017eete s d\u011btmi op\u00e9ct bu\u0159t\u00edky nebo V\u00e1m m\u016f\u017eeme naplnit piknikov\u00fd ko\u0161.<\/span><\/p>\n<p><span style=\"font-weight: 400;\">V bl\u00edzkosti hotelu se tak\u00e9 nach\u00e1z\u00ed obora s muflony, da\u0148ky a jeleny a samoz\u0159ejm\u011b nezapome\u0148te nav\u0161t\u00edvit medv\u011bda Ji\u0159\u00edho, kter\u00fd m\u00e1 sv\u00e9 kr\u00e1lovstv\u00ed p\u0159\u00edmo na z\u00e1mku.<\/span><\/p>\n","protected":false},"excerpt":{"rendered":"<p>V\u0161e pro Va\u0161e d\u011bti Va\u0161e d\u011bti jsou v na\u0161em hotelu nejv\u00e1\u017een\u011bj\u0161\u00edmi z\u00e1kazn\u00edky. Sami m\u00e1me mal\u00e9 d\u011bti a v\u00edme, \u017ee kdy\u017e se d\u011bti nenud\u00ed, m\u016f\u017eeme my rodi\u010de relaxovat. V p\u0159\u00edrodn\u00edm are\u00e1lu hotelu se proto nach\u00e1z\u00ed velk\u00e9 d\u011btsk\u00e9 h\u0159i\u0161t\u011b se skluzavkami, koloto\u010dem, houpa\u010dkami, p\u00edskovi\u0161t\u011bm a nejbezpe\u010dn\u011bj\u0161\u00ed trampol\u00ednou Springfree. Spole\u010dn\u011b s d\u011btmi si zdarma m\u016f\u017eete zahr\u00e1t stoln\u00ed tenis, [&hellip;]<\/p>\n","protected":false},"author":4,"featured_media":0,"parent":50,"menu_order":2,"comment_status":"closed","ping_status":"closed","template":"","meta":{"ngg_post_thumbnail":0,"footnotes":""},"class_list":["post-1042","page","type-page","status-publish","hentry","post"],"translation":{"provider":"WPGlobus","version":"3.0.0","language":"en","enabled_languages":["cz","en"],"languages":{"cz":{"title":true,"content":true,"excerpt":false},"en":{"title":false,"content":false,"excerpt":false}}},"_links":{"self":[{"href":"https:\/\/www.hotel-konopiste.cz\/en\/wp-json\/wp\/v2\/pages\/1042","targetHints":{"allow":["GET"]}}],"collection":[{"href":"https:\/\/www.hotel-konopiste.cz\/en\/wp-json\/wp\/v2\/pages"}],"about":[{"href":"https:\/\/www.hotel-konopiste.cz\/en\/wp-json\/wp\/v2\/types\/page"}],"author":[{"embeddable":true,"href":"https:\/\/www.hotel-konopiste.cz\/en\/wp-json\/wp\/v2\/users\/4"}],"replies":[{"embeddable":true,"href":"https:\/\/www.hotel-konopiste.cz\/en\/wp-json\/wp\/v2\/comments?post=1042"}],"version-history":[{"count":4,"href":"https:\/\/www.hotel-konopiste.cz\/en\/wp-json\/wp\/v2\/pages\/1042\/revisions"}],"predecessor-version":[{"id":1717,"href":"https:\/\/www.hotel-konopiste.cz\/en\/wp-json\/wp\/v2\/pages\/1042\/revisions\/1717"}],"up":[{"embeddable":true,"href":"https:\/\/www.hotel-konopiste.cz\/en\/wp-json\/wp\/v2\/pages\/50"}],"wp:attachment":[{"href":"https:\/\/www.hotel-konopiste.cz\/en\/wp-json\/wp\/v2\/media?parent=1042"}],"curies":[{"name":"wp","href":"https:\/\/api.w.org\/{rel}","templated":true}]}}