{"id":1122,"date":"2018-11-07T15:52:07","date_gmt":"2018-11-07T14:52:07","guid":{"rendered":"http:\/\/www.hotel-konopiste.cz\/?page_id=1122"},"modified":"2019-04-17T15:29:44","modified_gmt":"2019-04-17T13:29:44","slug":"prvni-podlazi","status":"publish","type":"page","link":"https:\/\/www.hotel-konopiste.cz\/en\/fotogalerie\/pokoje-s-vlastnim-socialnim-zarizenim\/prvni-podlazi\/","title":{"rendered":"Prvn\u00ed podla\u017e\u00ed"},"content":{"rendered":"ngg_shortcode_0_placeholder\n","protected":false},"excerpt":{"rendered":"<p>&#8221; order_by=&#8221;sortorder&#8221; order_direction=&#8221;ASC&#8221; returns=&#8221;included&#8221; maximum_entity_count=&#8221;500&#8243;]<\/p>\n","protected":false},"author":4,"featured_media":0,"parent":176,"menu_order":0,"comment_status":"closed","ping_status":"closed","template":"","meta":{"ngg_post_thumbnail":0,"footnotes":""},"class_list":["post-1122","page","type-page","status-publish","hentry","post"],"translation":{"provider":"WPGlobus","version":"3.0.0","language":"en","enabled_languages":["cz","en"],"languages":{"cz":{"title":true,"content":true,"excerpt":false},"en":{"title":false,"content":false,"excerpt":false}}},"_links":{"self":[{"href":"https:\/\/www.hotel-konopiste.cz\/en\/wp-json\/wp\/v2\/pages\/1122","targetHints":{"allow":["GET"]}}],"collection":[{"href":"https:\/\/www.hotel-konopiste.cz\/en\/wp-json\/wp\/v2\/pages"}],"about":[{"href":"https:\/\/www.hotel-konopiste.cz\/en\/wp-json\/wp\/v2\/types\/page"}],"author":[{"embeddable":true,"href":"https:\/\/www.hotel-konopiste.cz\/en\/wp-json\/wp\/v2\/users\/4"}],"replies":[{"embeddable":true,"href":"https:\/\/www.hotel-konopiste.cz\/en\/wp-json\/wp\/v2\/comments?post=1122"}],"version-history":[{"count":3,"href":"https:\/\/www.hotel-konopiste.cz\/en\/wp-json\/wp\/v2\/pages\/1122\/revisions"}],"predecessor-version":[{"id":1475,"href":"https:\/\/www.hotel-konopiste.cz\/en\/wp-json\/wp\/v2\/pages\/1122\/revisions\/1475"}],"up":[{"embeddable":true,"href":"https:\/\/www.hotel-konopiste.cz\/en\/wp-json\/wp\/v2\/pages\/176"}],"wp:attachment":[{"href":"https:\/\/www.hotel-konopiste.cz\/en\/wp-json\/wp\/v2\/media?parent=1122"}],"curies":[{"name":"wp","href":"https:\/\/api.w.org\/{rel}","templated":true}]}}