{"id":1134,"date":"2018-11-07T16:06:00","date_gmt":"2018-11-07T15:06:00","guid":{"rendered":"http:\/\/www.hotel-konopiste.cz\/?page_id=1134"},"modified":"2023-02-16T09:22:45","modified_gmt":"2023-02-16T08:22:45","slug":"kontakty","status":"publish","type":"page","link":"https:\/\/www.hotel-konopiste.cz\/en\/kontakt\/kontakty\/","title":{"rendered":"Kontakty"},"content":{"rendered":"<p><strong>Recepce hotelu &#8211; rezervace<\/strong><\/p>\n<p>info@hotel-konopiste.cz&nbsp;<\/p>\n<p>&nbsp;+420 737 230 294<\/p>\n<p><strong>Manager hotelu<\/strong><\/p>\n<p>Ing. Petra Stib\u016frkov\u00e1<\/p>\n<p>stiburkova.p@konopiste.eu&nbsp;<\/p>\n<p>+420 737 230 290<\/p>\n<p>&nbsp;<\/p>\n<p><strong>Najdete n\u00e1s <a href=\"https:\/\/www.google.cz\/maps\/@49.7835837,14.6552485,17z\">ZDE<\/a><\/strong><\/p>\n<p><iframe loading=\"lazy\" src=\"https:\/\/www.google.com\/maps\/embed?pb=!1m18!1m12!1m3!1d5152.26483220325!2d14.652907532389408!3d49.783574752456175!2m3!1f0!2f0!3f0!3m2!1i1024!2i768!4f13.1!3m3!1m2!1s0x470c7f86b6c64bf1%3A0x899aced12cd81fc1!2zSG90ZWwgS29ub3BpxaF0xJsgTm92w6EgTXlzbGl2bmE!5e0!3m2!1scs!2scz!4v1552998293532\" width=\"600\" height=\"450\" frameborder=\"0\" allowfullscreen=\"allowfullscreen\" data-mce-fragment=\"1\"><\/iframe><\/p>\n<p>&nbsp;<\/p>\n<p>&nbsp;<\/p>\n<p>&nbsp;<\/p>\n<p><strong>Provozuje<\/strong><\/p>\n<p>Penzion Konopi\u0161t\u011b s.r.o.<\/p>\n<p>Konopi\u0161t\u011b 30<\/p>\n<p>25601 Bene\u0161ov<\/p>\n<p>I\u010c: 24197971 &nbsp; &nbsp;DI\u010c: CZ 24197971<\/p>\n<p>&nbsp;<\/p>\n<p>&nbsp;<\/p>\n<p>&nbsp;<\/p>\n","protected":false},"excerpt":{"rendered":"<p>Recepce hotelu &#8211; rezervace info@hotel-konopiste.cz&nbsp; &nbsp;+420 737 230 294 Manager hotelu Ing. Petra Stib\u016frkov\u00e1 stiburkova.p@konopiste.eu&nbsp; +420 737 230 290 &nbsp; Najdete n\u00e1s ZDE &nbsp; &nbsp; &nbsp; Provozuje Penzion Konopi\u0161t\u011b s.r.o. Konopi\u0161t\u011b 30 25601 Bene\u0161ov I\u010c: 24197971 &nbsp; &nbsp;DI\u010c: CZ 24197971 &nbsp; &nbsp; &nbsp;<\/p>\n","protected":false},"author":4,"featured_media":0,"parent":62,"menu_order":0,"comment_status":"closed","ping_status":"closed","template":"","meta":{"ngg_post_thumbnail":0,"footnotes":""},"class_list":["post-1134","page","type-page","status-publish","hentry","post"],"translation":{"provider":"WPGlobus","version":"3.0.0","language":"en","enabled_languages":["cz","en"],"languages":{"cz":{"title":true,"content":true,"excerpt":false},"en":{"title":false,"content":false,"excerpt":false}}},"_links":{"self":[{"href":"https:\/\/www.hotel-konopiste.cz\/en\/wp-json\/wp\/v2\/pages\/1134","targetHints":{"allow":["GET"]}}],"collection":[{"href":"https:\/\/www.hotel-konopiste.cz\/en\/wp-json\/wp\/v2\/pages"}],"about":[{"href":"https:\/\/www.hotel-konopiste.cz\/en\/wp-json\/wp\/v2\/types\/page"}],"author":[{"embeddable":true,"href":"https:\/\/www.hotel-konopiste.cz\/en\/wp-json\/wp\/v2\/users\/4"}],"replies":[{"embeddable":true,"href":"https:\/\/www.hotel-konopiste.cz\/en\/wp-json\/wp\/v2\/comments?post=1134"}],"version-history":[{"count":10,"href":"https:\/\/www.hotel-konopiste.cz\/en\/wp-json\/wp\/v2\/pages\/1134\/revisions"}],"predecessor-version":[{"id":1733,"href":"https:\/\/www.hotel-konopiste.cz\/en\/wp-json\/wp\/v2\/pages\/1134\/revisions\/1733"}],"up":[{"embeddable":true,"href":"https:\/\/www.hotel-konopiste.cz\/en\/wp-json\/wp\/v2\/pages\/62"}],"wp:attachment":[{"href":"https:\/\/www.hotel-konopiste.cz\/en\/wp-json\/wp\/v2\/media?parent=1134"}],"curies":[{"name":"wp","href":"https:\/\/api.w.org\/{rel}","templated":true}]}}