{"id":1165,"date":"2019-01-10T11:38:39","date_gmt":"2019-01-10T10:38:39","guid":{"rendered":"http:\/\/www.hotel-konopiste.cz\/?page_id=1165"},"modified":"2019-01-10T11:38:39","modified_gmt":"2019-01-10T10:38:39","slug":"menu-pro-skupiny","status":"publish","type":"page","link":"https:\/\/www.hotel-konopiste.cz\/en\/restaurace\/menu-pro-skupiny\/","title":{"rendered":"Menu pro skupiny"},"content":{"rendered":"<p>N\u00ed\u017ee naleznete n\u00e1mi sestaven\u00e1 menu pro skupiny\/z\u00e1jezdy.&nbsp; R\u00e1di V\u00e1m ale zpracujeme nab\u00eddku na V\u00e1mi konkr\u00e9tn\u011b popt\u00e1van\u00e9 menu.<\/p>\n<p><b>MENU \u010d. 1 :<\/b><\/p>\n<table>\n<tbody>\n<tr>\n<td><span style=\"font-weight: 400;\">Pol\u00e9vka<\/span><\/td>\n<td><span style=\"font-weight: 400;\">Gul\u00e1\u0161ov\u00e1<\/span><\/td>\n<\/tr>\n<tr>\n<td><span style=\"font-weight: 400;\">Hl. chod<\/span><\/td>\n<td><span style=\"font-weight: 400;\">Ku\u0159ec\u00ed &nbsp;steak,\u0161\u0165ouchan\u00e9 &nbsp;brambory<\/span><\/td>\n<\/tr>\n<tr>\n<td><span style=\"font-weight: 400;\">Sal\u00e1t<\/span><\/td>\n<td><span style=\"font-weight: 400;\">Mal\u00fd zeleninov\u00fd sal\u00e1t (raj\u010data, okurka, ledov\u00fd sal\u00e1t), balsamico a olivov\u00fd olej<\/span><\/td>\n<\/tr>\n<tr>\n<td><span style=\"font-weight: 400;\">Dezert<\/span><\/td>\n<td><span style=\"font-weight: 400;\">Jable\u010dn\u00fd z\u00e1vin<\/span><\/td>\n<\/tr>\n<tr>\n<td><span style=\"font-weight: 400;\">Cena MENU<\/span><\/td>\n<td><b>10 EUR \/250 CZK\/ osoba<\/b><\/td>\n<\/tr>\n<\/tbody>\n<\/table>\n<p><b>MENU \u010d. 2 : (vegetari\u00e1nsk\u00e9)<\/b><\/p>\n<table>\n<tbody>\n<tr>\n<td><span style=\"font-weight: 400;\">Pol\u00e9vka<\/span><\/td>\n<td><span style=\"font-weight: 400;\">Brokolicov\u00fd kr\u00e9m<\/span><\/td>\n<\/tr>\n<tr>\n<td><span style=\"font-weight: 400;\">Hl. chod:<\/span><\/td>\n<td><span style=\"font-weight: 400;\">Tagliatelle s&nbsp;grilovanou zeleninou a bylinkov\u00fdm pestem<\/span><\/td>\n<\/tr>\n<tr>\n<td><span style=\"font-weight: 400;\">Dezert<\/span><\/td>\n<td><span style=\"font-weight: 400;\">Drobenkov\u00fd kol\u00e1\u010d<\/span><\/td>\n<\/tr>\n<tr>\n<td><span style=\"font-weight: 400;\">Cena MENU<\/span><\/td>\n<td><b>9,50 EUR\/ 238 CZK\/ osoba<\/b><\/td>\n<\/tr>\n<\/tbody>\n<\/table>\n<p>&nbsp;<\/p>\n<p><b>MENU \u010d. 3 :<\/b><\/p>\n<table>\n<tbody>\n<tr>\n<td><span style=\"font-weight: 400;\">Pol\u00e9vka<\/span><\/td>\n<td><span style=\"font-weight: 400;\">Hov\u011bz\u00ed (ku\u0159ec\u00ed) v\u00fdvar<\/span><\/td>\n<\/tr>\n<tr>\n<td><span style=\"font-weight: 400;\">Hl. chod<\/span><\/td>\n<td><span style=\"font-weight: 400;\">Hov\u011bz\u00ed sv\u00ed\u010dkov\u00e1 na smetan\u011b, houskov\u00fd knedl\u00edk<\/span><\/td>\n<\/tr>\n<tr>\n<td><span style=\"font-weight: 400;\">Dezert<\/span><\/td>\n<td><span style=\"font-weight: 400;\">Jable\u010dn\u00fd z\u00e1vin<\/span><\/td>\n<\/tr>\n<tr>\n<td><span style=\"font-weight: 400;\">Cena MENU<\/span><\/td>\n<td><b>10,50 EUR\/ 263 CZK\/ osoba<\/b><\/td>\n<\/tr>\n<\/tbody>\n<\/table>\n<p>&nbsp;<\/p>\n<p><b>MENU \u010d. 4 :<\/b><\/p>\n<table>\n<tbody>\n<tr>\n<td><span style=\"font-weight: 400;\">Pol\u00e9vka<\/span><\/td>\n<td><span style=\"font-weight: 400;\">Hov\u011bz\u00ed (ku\u0159ec\u00ed) v\u00fdvar<\/span><\/td>\n<\/tr>\n<tr>\n<td><span style=\"font-weight: 400;\">Hl. chod<\/span><\/td>\n<td><span style=\"font-weight: 400;\">Konfitovan\u00e1 kachna, \u010derven\u00e9 zel\u00ed na pomeran\u010d\u00edch, kysan\u00e9 zel\u00ed, \u0161pekov\u00e9 knedl\u00edky<\/span><\/td>\n<\/tr>\n<tr>\n<td><span style=\"font-weight: 400;\">Dezert<\/span><\/td>\n<td><span style=\"font-weight: 400;\">Jable\u010dn\u00fd z\u00e1vin<\/span><\/td>\n<\/tr>\n<tr>\n<td><span style=\"font-weight: 400;\">Cena MENU<\/span><\/td>\n<td><b>11,50 EUR\/ 288 CZK\/ osoba<\/b><\/td>\n<\/tr>\n<\/tbody>\n<\/table>\n<p>&nbsp;<\/p>\n<p><b>MENU \u010d. 5 : (vegetari\u00e1nsk\u00e9)<\/b><\/p>\n<table>\n<tbody>\n<tr>\n<td><span style=\"font-weight: 400;\">Pol\u00e9vka<\/span><\/td>\n<td><span style=\"font-weight: 400;\">\u010co\u010dkov\u00e1<\/span><\/td>\n<\/tr>\n<tr>\n<td><span style=\"font-weight: 400;\">Hl. chod<\/span><\/td>\n<td><span style=\"font-weight: 400;\">Gratinovan\u00fd lilek s&nbsp;houbov\u00fdm rag\u00fa,va\u0159en\u00fd brambor<\/span><\/td>\n<\/tr>\n<tr>\n<td><span style=\"font-weight: 400;\">Dezert<\/span><\/td>\n<td><span style=\"font-weight: 400;\">Jable\u010dn\u00fd z\u00e1vin<\/span><\/td>\n<\/tr>\n<tr>\n<td><span style=\"font-weight: 400;\">Cena MENU<\/span><\/td>\n<td><b>9,50 EUR\/ 238 CZK\/ osoba<\/b><\/td>\n<\/tr>\n<\/tbody>\n<\/table>\n<p>&nbsp;<\/p>\n<p><b>MENU \u010d. 6 : (vegetari\u00e1nsk\u00e9)<\/b><\/p>\n<table>\n<tbody>\n<tr>\n<td><span style=\"font-weight: 400;\">Pol\u00e9vka<\/span><\/td>\n<td><span style=\"font-weight: 400;\">Brokolicov\u00fd kr\u00e9m<\/span><\/td>\n<\/tr>\n<tr>\n<td><span style=\"font-weight: 400;\">Hl. chod<\/span><\/td>\n<td><span style=\"font-weight: 400;\">Zape\u010den\u00e1 cuketa s&nbsp;tomaty a mozzarellou<\/span><\/td>\n<\/tr>\n<tr>\n<td><span style=\"font-weight: 400;\">Dezert<\/span><\/td>\n<td><span style=\"font-weight: 400;\">Jable\u010dn\u00fd z\u00e1vin<\/span><\/td>\n<\/tr>\n<tr>\n<td><span style=\"font-weight: 400;\">Cena MENU<\/span><\/td>\n<td><b>9,50 EUR\/ 238 CZK\/ osoba<\/b><\/td>\n<\/tr>\n<\/tbody>\n<\/table>\n<p>&nbsp;<\/p>\n<p><b>MENU \u010d. 7 : (d\u011btsk\u00e9)<\/b><\/p>\n<table>\n<tbody>\n<tr>\n<td><span style=\"font-weight: 400;\">Pol\u00e9vka<\/span><\/td>\n<td><span style=\"font-weight: 400;\">Hr\u00e1\u0161kov\u00e1 pol\u00e9vka<\/span><\/td>\n<\/tr>\n<tr>\n<td><span style=\"font-weight: 400;\">Hl. chod<\/span><\/td>\n<td><span style=\"font-weight: 400;\">Ku\u0159ec\u00ed \u0159\u00edzek, bramborov\u00e1 ka\u0161e<\/span><\/td>\n<\/tr>\n<tr>\n<td><span style=\"font-weight: 400;\">Cena MENU<\/span><\/td>\n<td><b>6 EUR\/ 150\/ d\u00edt\u011b<\/b><\/td>\n<\/tr>\n<\/tbody>\n<\/table>\n<p>&nbsp;<\/p>\n<p><b>MENU \u010c. 8 : (d\u011btsk\u00e9)<\/b><\/p>\n<table>\n<tbody>\n<tr>\n<td><span style=\"font-weight: 400;\">Pol\u00e9vka<\/span><\/td>\n<td><span style=\"font-weight: 400;\">Ku\u0159ec\u00ed v\u00fdvar<\/span><\/td>\n<\/tr>\n<tr>\n<td><span style=\"font-weight: 400;\">Hl. chod<\/span><\/td>\n<td><span style=\"font-weight: 400;\">T\u011bstoviny s&nbsp;tomatovou om\u00e1\u010dkou a s\u00fdrem<\/span><\/td>\n<\/tr>\n<tr>\n<td><span style=\"font-weight: 400;\">Dezert<\/span><\/td>\n<td><span style=\"font-weight: 400;\">Jable\u010dn\u00fd z\u00e1vin\/drobenkov\u00fd kol\u00e1\u010d\/pern\u00edk<\/span><\/td>\n<\/tr>\n<tr>\n<td><span style=\"font-weight: 400;\">Cena MENU<\/span><\/td>\n<td><b>8 EUR\/ 200 CZK\/ d\u00edt\u011b<\/b><\/td>\n<\/tr>\n<\/tbody>\n<\/table>\n<p>&nbsp;<\/p>\n<p><b>Na stolech bude zalo\u017een dostatek pe\u010diva (chl\u00e9b, rohl\u00edky, francouzsk\u00e1 bageta).<\/b><\/p>\n<p>&nbsp;<\/p>\n<p><span style=\"font-weight: 400;\">Mo\u017enost v\u00fdb\u011bru pro skupinu: 1 MENU + 1 vegetari\u00e1nsk\u00e9 MENU<\/span><\/p>\n<p><b>Minim\u00e1ln\u011b 4 dny<\/b><span style=\"font-weight: 400;\"> &nbsp;p\u0159ed konanou akc\u00ed je t\u0159eba nahl\u00e1sit po\u010det j\u00eddel ve vybran\u00e9m MENU.<\/span><\/p>\n<p><span style=\"font-weight: 400;\">Z\u00e1loha p\u0159i z\u00e1vazn\u011b zamluven\u00e9m MENU &nbsp;50% z&nbsp;celkov\u00e9 ceny. Doplatek p\u0159i z\u00e1jezdu.<\/span><\/p>\n<p><span style=\"font-weight: 400;\">R\u00c1DI V\u00c1M ZPRACUJEME NAB\u00cdDKU N\u00c1 V\u00c1MI KONKR\u00c9TN\u011a POPT\u00c1VAN\u00c9 MENU.<\/span><\/p>\n<p>&nbsp;<\/p>\n<p><span style=\"font-weight: 400;\">P\u0159\u00edplatek za ka\u017ed\u00e9 MENU nav\u00edc pro skupinu je 10% (jedno MENU + VEGETARI\u00c1NSK\u00c9 je v&nbsp;cen\u011b).<\/span><\/p>\n<p><span style=\"font-weight: 400;\">Na ka\u017ed\u00fdch 30 host\u016f m\u00e1 pr\u016fvodce a \u0159idi\u010d n\u00e1rok na j\u00eddlo ZDARMA, ka\u017ed\u00fd dal\u0161\u00ed pr\u016fvodce sleva 50%. Ka\u017ed\u00e9 21. j\u00eddlo zdarma. <\/span><\/p>\n<p>&nbsp;<\/p>\n<p><span style=\"font-weight: 400;\">D\u00e1le nab\u00edz\u00edme prohl\u00eddku na\u0161eho MOTOCYKLOV\u00c9HO &nbsp;MUZEA, kter\u00e9 je od restaurace vzd\u00e1leno 20metr\u016f. Pro skupiny, kter\u00e9 se najed\u00ed v&nbsp;na\u0161\u00ed restauraci je upraven\u00e9 vstupn\u00e9 &nbsp;<\/span><b>1,50 EUR\/ 38 CZK\/ osoba.<\/b><\/p>\n<p><span style=\"font-weight: 400;\">Pr\u016fvodci zdarma.<\/span><\/p>\n","protected":false},"excerpt":{"rendered":"<p>N\u00ed\u017ee naleznete n\u00e1mi sestaven\u00e1 menu pro skupiny\/z\u00e1jezdy.&nbsp; R\u00e1di V\u00e1m ale zpracujeme nab\u00eddku na V\u00e1mi konkr\u00e9tn\u011b popt\u00e1van\u00e9 menu. MENU \u010d. 1 : Pol\u00e9vka Gul\u00e1\u0161ov\u00e1 Hl. chod Ku\u0159ec\u00ed &nbsp;steak,\u0161\u0165ouchan\u00e9 &nbsp;brambory Sal\u00e1t Mal\u00fd zeleninov\u00fd sal\u00e1t (raj\u010data, okurka, ledov\u00fd sal\u00e1t), balsamico a olivov\u00fd olej Dezert Jable\u010dn\u00fd z\u00e1vin Cena MENU 10 EUR \/250 CZK\/ osoba MENU \u010d. 2 : (vegetari\u00e1nsk\u00e9) [&hellip;]<\/p>\n","protected":false},"author":4,"featured_media":0,"parent":64,"menu_order":0,"comment_status":"closed","ping_status":"closed","template":"","meta":{"ngg_post_thumbnail":0,"footnotes":""},"class_list":["post-1165","page","type-page","status-publish","hentry","post"],"translation":{"provider":"WPGlobus","version":"3.0.0","language":"en","enabled_languages":["cz","en"],"languages":{"cz":{"title":true,"content":true,"excerpt":false},"en":{"title":false,"content":false,"excerpt":false}}},"_links":{"self":[{"href":"https:\/\/www.hotel-konopiste.cz\/en\/wp-json\/wp\/v2\/pages\/1165","targetHints":{"allow":["GET"]}}],"collection":[{"href":"https:\/\/www.hotel-konopiste.cz\/en\/wp-json\/wp\/v2\/pages"}],"about":[{"href":"https:\/\/www.hotel-konopiste.cz\/en\/wp-json\/wp\/v2\/types\/page"}],"author":[{"embeddable":true,"href":"https:\/\/www.hotel-konopiste.cz\/en\/wp-json\/wp\/v2\/users\/4"}],"replies":[{"embeddable":true,"href":"https:\/\/www.hotel-konopiste.cz\/en\/wp-json\/wp\/v2\/comments?post=1165"}],"version-history":[{"count":1,"href":"https:\/\/www.hotel-konopiste.cz\/en\/wp-json\/wp\/v2\/pages\/1165\/revisions"}],"predecessor-version":[{"id":1166,"href":"https:\/\/www.hotel-konopiste.cz\/en\/wp-json\/wp\/v2\/pages\/1165\/revisions\/1166"}],"up":[{"embeddable":true,"href":"https:\/\/www.hotel-konopiste.cz\/en\/wp-json\/wp\/v2\/pages\/64"}],"wp:attachment":[{"href":"https:\/\/www.hotel-konopiste.cz\/en\/wp-json\/wp\/v2\/media?parent=1165"}],"curies":[{"name":"wp","href":"https:\/\/api.w.org\/{rel}","templated":true}]}}