{"id":1490,"date":"2019-04-17T15:42:43","date_gmt":"2019-04-17T13:42:43","guid":{"rendered":"http:\/\/www.hotel-konopiste.cz\/?page_id=1490"},"modified":"2019-04-17T15:42:43","modified_gmt":"2019-04-17T13:42:43","slug":"co-delat-na-konopisti","status":"publish","type":"page","link":"https:\/\/www.hotel-konopiste.cz\/en\/co-delat-na-konopisti\/","title":{"rendered":"Co d\u011blat na Konopi\u0161ti"},"content":{"rendered":"<p><em>Co d\u011blat na Konopi\u0161ti ?&nbsp; &nbsp; Cokoli \ud83d\ude42<\/em><\/p>\n<p><em>Chcete str\u00e1vit na Konopi\u0161ti t\u00fddenn\u00ed dovolenou s hodn\u011b mal\u00fdmi nebo i v\u011bt\u0161\u00edmi d\u011btmi&nbsp; a m\u00edt&nbsp;<\/em><em>na ka\u017ed\u00fd den n\u011bjak\u00fd program ?<\/em><\/p>\n<p><em>Chcete v klidn\u00e9m prost\u0159ed\u00ed uspo\u0159\u00e1dat \u0161kolen\u00ed firmy, teambuilding nebo oslavu zalo\u017een\u00ed va\u0161\u00ed firmy?<\/em><\/p>\n<p><em>Chcete str\u00e1vit na Konopi\u0161ti l\u00edb\u00e1nky ?<\/em><\/p>\n<p><em>Chcete na Konopi\u0161ti uspo\u0159\u00e1dat exteri\u00e9rovou v\u00fdstavu ps\u016f nebo jin\u00fdch dom\u00e1c\u00edch mazl\u00ed\u010dk\u016f \u2013 jsme v tom profesion\u00e1ly a Konopi\u0161t\u011b je \u010deskou destinac\u00ed pro tyto \u00fa\u010dely nr.1 . Jsme pet friendly.<\/em><\/p>\n<p><em>Chcete si jen odpo\u010dinout a p\u00e1rkr\u00e1t nav\u0161t\u00edvit Prahu, Kutnou Horu a T\u00e1bor ?<\/em><\/p>\n<p><em>Chcete si u\u017e\u00edt aktivn\u00ed dovolenou v Centru \u010cech ?<\/em><\/p>\n<p>Chcete se na Konopi\u0161ti vd\u00e1t\/o\u017eenit ?<\/p>\n<p><strong>Konopi\u0161t\u011b je p\u0159\u00edmo ide\u00e1ln\u00ed destinac\u00ed pro v\u0161echny v\u00fd\u0161e uveden\u00e9 z\u00e1m\u011bry. Najdete zde 2 protich\u016fdn\u00e9 v\u011bci&nbsp; na jednom m\u00edst\u011b \u2013 mo\u017enost u\u017e\u00edt si stovky aktivit pokud je hled\u00e1te nebo naopak&nbsp; absolutn\u00ed klid v kr\u00e1sn\u00e9 \u010desk\u00e9 krajin\u011b . . . . . S Prahou za humny .&nbsp;<\/strong>. .<\/p>\n","protected":false},"excerpt":{"rendered":"<p>Co d\u011blat na Konopi\u0161ti ?&nbsp; &nbsp; Cokoli \ud83d\ude42 Chcete str\u00e1vit na Konopi\u0161ti t\u00fddenn\u00ed dovolenou s hodn\u011b mal\u00fdmi nebo i v\u011bt\u0161\u00edmi d\u011btmi&nbsp; a m\u00edt&nbsp;na ka\u017ed\u00fd den n\u011bjak\u00fd program ? Chcete v klidn\u00e9m prost\u0159ed\u00ed uspo\u0159\u00e1dat \u0161kolen\u00ed firmy, teambuilding nebo oslavu zalo\u017een\u00ed va\u0161\u00ed firmy? Chcete str\u00e1vit na Konopi\u0161ti l\u00edb\u00e1nky ? Chcete na Konopi\u0161ti uspo\u0159\u00e1dat exteri\u00e9rovou v\u00fdstavu ps\u016f nebo [&hellip;]<\/p>\n","protected":false},"author":4,"featured_media":0,"parent":0,"menu_order":4,"comment_status":"closed","ping_status":"closed","template":"","meta":{"ngg_post_thumbnail":0,"footnotes":""},"class_list":["post-1490","page","type-page","status-publish","hentry","post"],"translation":{"provider":"WPGlobus","version":"3.0.0","language":"en","enabled_languages":["cz","en"],"languages":{"cz":{"title":true,"content":true,"excerpt":false},"en":{"title":false,"content":false,"excerpt":false}}},"_links":{"self":[{"href":"https:\/\/www.hotel-konopiste.cz\/en\/wp-json\/wp\/v2\/pages\/1490","targetHints":{"allow":["GET"]}}],"collection":[{"href":"https:\/\/www.hotel-konopiste.cz\/en\/wp-json\/wp\/v2\/pages"}],"about":[{"href":"https:\/\/www.hotel-konopiste.cz\/en\/wp-json\/wp\/v2\/types\/page"}],"author":[{"embeddable":true,"href":"https:\/\/www.hotel-konopiste.cz\/en\/wp-json\/wp\/v2\/users\/4"}],"replies":[{"embeddable":true,"href":"https:\/\/www.hotel-konopiste.cz\/en\/wp-json\/wp\/v2\/comments?post=1490"}],"version-history":[{"count":1,"href":"https:\/\/www.hotel-konopiste.cz\/en\/wp-json\/wp\/v2\/pages\/1490\/revisions"}],"predecessor-version":[{"id":1492,"href":"https:\/\/www.hotel-konopiste.cz\/en\/wp-json\/wp\/v2\/pages\/1490\/revisions\/1492"}],"wp:attachment":[{"href":"https:\/\/www.hotel-konopiste.cz\/en\/wp-json\/wp\/v2\/media?parent=1490"}],"curies":[{"name":"wp","href":"https:\/\/api.w.org\/{rel}","templated":true}]}}