{"id":172,"date":"2015-05-20T10:31:43","date_gmt":"2015-05-20T08:31:43","guid":{"rendered":"http:\/\/www.hotel-konopiste.cz\/?page_id=172"},"modified":"2019-04-17T17:46:17","modified_gmt":"2019-04-17T15:46:17","slug":"fotogalerie","status":"publish","type":"page","link":"https:\/\/www.hotel-konopiste.cz\/en\/fotogalerie\/","title":{"rendered":"Fotogalerie"},"content":{"rendered":"<p><a title=\"Hotel a okol\u00ed\" href=\"http:\/\/www.hotel-konopiste.cz\/fotogalerie\/hotel-a-okoli\/\">Hotel and its surroundings<\/a><\/p>\n<p><a title=\"Pokoje s vlastn\u00edm soci\u00e1ln\u00edm za\u0159\u00edzen\u00edm\" href=\"http:\/\/www.hotel-konopiste.cz\/prvni-podlazi\/\">Rooms on the 1st floor<\/a><\/p>\n<p><a href=\"http:\/\/www.hotel-konopiste.cz\/druhe-podlazi-podkrovni-pokoje\/\">Rooms on the 2nd floor<\/a><\/p>\n<p><a href=\"http:\/\/www.hotel-konopiste.cz\/podkrovni-apartma\/\">Special apartment<\/a><\/p>\n<p>&nbsp;<\/p>\n<p><a title=\"Restaurace\" href=\"http:\/\/www.hotel-konopiste.cz\/fotogalerie\/restaurace\/\">Restaurant<\/a><\/p>\n<p><a title=\"Club Hubert\" href=\"http:\/\/www.hotel-konopiste.cz\/fotogalerie\/club-hubert\/\">Club Hubert<\/a><\/p>\n","protected":false},"excerpt":{"rendered":"<p>Hotel and its surroundings Rooms on the 1st floor Rooms on the 2nd floor Special apartment &nbsp; Restaurant Club Hubert<\/p>\n","protected":false},"author":4,"featured_media":0,"parent":0,"menu_order":5,"comment_status":"closed","ping_status":"closed","template":"","meta":{"ngg_post_thumbnail":0,"footnotes":""},"class_list":["post-172","page","type-page","status-publish","hentry","post"],"translation":{"provider":"WPGlobus","version":"3.0.0","language":"en","enabled_languages":["cz","en"],"languages":{"cz":{"title":true,"content":true,"excerpt":false},"en":{"title":false,"content":true,"excerpt":false}}},"_links":{"self":[{"href":"https:\/\/www.hotel-konopiste.cz\/en\/wp-json\/wp\/v2\/pages\/172","targetHints":{"allow":["GET"]}}],"collection":[{"href":"https:\/\/www.hotel-konopiste.cz\/en\/wp-json\/wp\/v2\/pages"}],"about":[{"href":"https:\/\/www.hotel-konopiste.cz\/en\/wp-json\/wp\/v2\/types\/page"}],"author":[{"embeddable":true,"href":"https:\/\/www.hotel-konopiste.cz\/en\/wp-json\/wp\/v2\/users\/4"}],"replies":[{"embeddable":true,"href":"https:\/\/www.hotel-konopiste.cz\/en\/wp-json\/wp\/v2\/comments?post=172"}],"version-history":[{"count":10,"href":"https:\/\/www.hotel-konopiste.cz\/en\/wp-json\/wp\/v2\/pages\/172\/revisions"}],"predecessor-version":[{"id":1504,"href":"https:\/\/www.hotel-konopiste.cz\/en\/wp-json\/wp\/v2\/pages\/172\/revisions\/1504"}],"wp:attachment":[{"href":"https:\/\/www.hotel-konopiste.cz\/en\/wp-json\/wp\/v2\/media?parent=172"}],"curies":[{"name":"wp","href":"https:\/\/api.w.org\/{rel}","templated":true}]}}