{"id":62,"date":"2015-03-25T09:15:34","date_gmt":"2015-03-25T08:15:34","guid":{"rendered":"http:\/\/www.hotel-konopiste.cz\/?page_id=62"},"modified":"2022-11-23T15:34:58","modified_gmt":"2022-11-23T14:34:58","slug":"kontakt","status":"publish","type":"page","link":"https:\/\/www.hotel-konopiste.cz\/en\/kontakt\/","title":{"rendered":"Contact"},"content":{"rendered":"<p><strong>Hotel reception<\/strong><\/p>\n<p>info@hotel-konopiste.cz\u00a0 \u00a0+420 737 230 294<\/p>\n<p><strong>Hotel director<\/strong><\/p>\n<p>Ing. Petra Stib\u016frkov\u00e1\u00a0 eventmanager@konopiste.eu\u00a0 +420 737 227 555\u00a0 +420 737 230 290<\/p>\n<p><strong>Restaurant<\/strong><\/p>\n<p>restaurace@hotel-konopiste.cz<\/p>\n<p><strong>You will find us\u00a0\u00a0<a href=\"https:\/\/www.google.cz\/maps\/@49.7835837,14.6552485,17z\">HERE<\/a><\/strong><\/p>\n<p><iframe loading=\"lazy\" style=\"border: 0;\" src=\"https:\/\/www.google.com\/maps\/embed?pb=!1m18!1m12!1m3!1d5152.26483220325!2d14.652907532389408!3d49.783574752456175!2m3!1f0!2f0!3f0!3m2!1i1024!2i768!4f13.1!3m3!1m2!1s0x470c7f86b6c64bf1%3A0x899aced12cd81fc1!2zSG90ZWwgS29ub3BpxaF0xJsgTm92w6EgTXlzbGl2bmE!5e0!3m2!1scs!2scz!4v1552998293532\" width=\"600\" height=\"450\" frameborder=\"0\" allowfullscreen=\"allowfullscreen\"><\/iframe><\/p>\n<p>&nbsp;<\/p>\n<p>&nbsp;<\/p>\n<p>&nbsp;<\/p>\n<p><b>Hotel is run by<\/b><\/p>\n<p>Penzion Konopi\u0161t\u011b s.r.o.<\/p>\n<p>Konopi\u0161t\u011b 30<\/p>\n<p>25601 Bene\u0161ov<\/p>\n<p>I\u010c: 24197971\u00a0 \u00a0 VAT: CZ 24197971<\/p>\n<p>&nbsp;<\/p>\n<p>&nbsp;<\/p>\n","protected":false},"excerpt":{"rendered":"<p>Hotel reception info@hotel-konopiste.cz\u00a0 \u00a0+420 737 230 294 Hotel director Ing. Petra Stib\u016frkov\u00e1\u00a0 eventmanager@konopiste.eu\u00a0 +420 737 227 555\u00a0 +420 737 230 290 Restaurant restaurace@hotel-konopiste.cz You will find us\u00a0\u00a0HERE &nbsp; &nbsp; &nbsp; Hotel is run by Penzion Konopi\u0161t\u011b s.r.o. Konopi\u0161t\u011b 30 25601 Bene\u0161ov I\u010c: 24197971\u00a0 \u00a0 VAT: CZ 24197971 &nbsp; &nbsp;<\/p>\n","protected":false},"author":1,"featured_media":0,"parent":0,"menu_order":0,"comment_status":"closed","ping_status":"closed","template":"","meta":{"ngg_post_thumbnail":0,"footnotes":""},"class_list":["post-62","page","type-page","status-publish","hentry","post"],"translation":{"provider":"WPGlobus","version":"3.0.0","language":"en","enabled_languages":["cz","en"],"languages":{"cz":{"title":true,"content":true,"excerpt":false},"en":{"title":true,"content":true,"excerpt":false}}},"_links":{"self":[{"href":"https:\/\/www.hotel-konopiste.cz\/en\/wp-json\/wp\/v2\/pages\/62","targetHints":{"allow":["GET"]}}],"collection":[{"href":"https:\/\/www.hotel-konopiste.cz\/en\/wp-json\/wp\/v2\/pages"}],"about":[{"href":"https:\/\/www.hotel-konopiste.cz\/en\/wp-json\/wp\/v2\/types\/page"}],"author":[{"embeddable":true,"href":"https:\/\/www.hotel-konopiste.cz\/en\/wp-json\/wp\/v2\/users\/1"}],"replies":[{"embeddable":true,"href":"https:\/\/www.hotel-konopiste.cz\/en\/wp-json\/wp\/v2\/comments?post=62"}],"version-history":[{"count":41,"href":"https:\/\/www.hotel-konopiste.cz\/en\/wp-json\/wp\/v2\/pages\/62\/revisions"}],"predecessor-version":[{"id":1715,"href":"https:\/\/www.hotel-konopiste.cz\/en\/wp-json\/wp\/v2\/pages\/62\/revisions\/1715"}],"wp:attachment":[{"href":"https:\/\/www.hotel-konopiste.cz\/en\/wp-json\/wp\/v2\/media?parent=62"}],"curies":[{"name":"wp","href":"https:\/\/api.w.org\/{rel}","templated":true}]}}