{"id":68,"date":"2015-03-25T09:16:12","date_gmt":"2015-03-25T08:16:12","guid":{"rendered":"http:\/\/www.hotel-konopiste.cz\/?page_id=68"},"modified":"2019-04-12T08:03:45","modified_gmt":"2019-04-12T06:03:45","slug":"pujcovna-2","status":"publish","type":"page","link":"https:\/\/www.hotel-konopiste.cz\/en\/pujcovna-2\/","title":{"rendered":"P\u016fj\u010dovna"},"content":{"rendered":"<h2><strong>P\u016fj\u010dovna sportovn\u00edho, turistick\u00e9ho, hern\u00edho a d\u011btsk\u00e9ho vybaven\u00ed<\/strong><\/h2>\n<p>Od sezony 2019 jsme p\u0159ipravili\u00a0 pro na\u0161e hosty velkou p\u016fj\u010dovnu, kter\u00e1 by m\u011bla d\u00e1t va\u0161emu odpo\u010dinku v na\u0161ich ubytovac\u00edch za\u0159\u00edzen\u00ed nov\u00fd n\u00e1boj a mo\u017enosti.Vzhledem k rozsahu v\u011bc\u00ed kter\u00e9 s u n\u00e1s m\u016f\u017eete p\u016fj\u010dit, r\u016fzn\u00fdm n\u00e1vod\u016fm a doporu\u010den\u00edm jsme se rozhodli vytvo\u0159it zcela samostatnou str\u00e1nku\u00a0<strong><a href=\"http:\/\/pujcovna.konopiste.eu\/\">P\u016fj\u010dovna<\/a><\/strong><\/p>\n","protected":false},"excerpt":{"rendered":"<p>P\u016fj\u010dovna sportovn\u00edho, turistick\u00e9ho, hern\u00edho a d\u011btsk\u00e9ho vybaven\u00ed Od sezony 2019 jsme p\u0159ipravili\u00a0 pro na\u0161e hosty velkou p\u016fj\u010dovnu, kter\u00e1 by m\u011bla d\u00e1t va\u0161emu odpo\u010dinku v na\u0161ich ubytovac\u00edch za\u0159\u00edzen\u00ed nov\u00fd n\u00e1boj a mo\u017enosti.Vzhledem k rozsahu v\u011bc\u00ed kter\u00e9 s u n\u00e1s m\u016f\u017eete p\u016fj\u010dit, r\u016fzn\u00fdm n\u00e1vod\u016fm a doporu\u010den\u00edm jsme se rozhodli vytvo\u0159it zcela samostatnou str\u00e1nku\u00a0P\u016fj\u010dovna<\/p>\n","protected":false},"author":1,"featured_media":0,"parent":0,"menu_order":0,"comment_status":"closed","ping_status":"closed","template":"","meta":{"ngg_post_thumbnail":0,"footnotes":""},"class_list":["post-68","page","type-page","status-publish","hentry","post"],"translation":{"provider":"WPGlobus","version":"3.0.0","language":"en","enabled_languages":["cz","en"],"languages":{"cz":{"title":true,"content":true,"excerpt":false},"en":{"title":false,"content":false,"excerpt":false}}},"_links":{"self":[{"href":"https:\/\/www.hotel-konopiste.cz\/en\/wp-json\/wp\/v2\/pages\/68","targetHints":{"allow":["GET"]}}],"collection":[{"href":"https:\/\/www.hotel-konopiste.cz\/en\/wp-json\/wp\/v2\/pages"}],"about":[{"href":"https:\/\/www.hotel-konopiste.cz\/en\/wp-json\/wp\/v2\/types\/page"}],"author":[{"embeddable":true,"href":"https:\/\/www.hotel-konopiste.cz\/en\/wp-json\/wp\/v2\/users\/1"}],"replies":[{"embeddable":true,"href":"https:\/\/www.hotel-konopiste.cz\/en\/wp-json\/wp\/v2\/comments?post=68"}],"version-history":[{"count":11,"href":"https:\/\/www.hotel-konopiste.cz\/en\/wp-json\/wp\/v2\/pages\/68\/revisions"}],"predecessor-version":[{"id":1188,"href":"https:\/\/www.hotel-konopiste.cz\/en\/wp-json\/wp\/v2\/pages\/68\/revisions\/1188"}],"wp:attachment":[{"href":"https:\/\/www.hotel-konopiste.cz\/en\/wp-json\/wp\/v2\/media?parent=68"}],"curies":[{"name":"wp","href":"https:\/\/api.w.org\/{rel}","templated":true}]}}